{"id":420,"date":"2023-02-13T14:33:38","date_gmt":"2023-02-13T14:33:38","guid":{"rendered":"https:\/\/wheat-dotterel-326471.hostingersite.com\/urdanetapr\/?page_id=420"},"modified":"2023-02-13T14:49:50","modified_gmt":"2023-02-13T14:49:50","slug":"agradecimiento","status":"publish","type":"page","link":"https:\/\/urdanetapr.com\/en\/agradecimiento\/","title":{"rendered":"Agradecimiento"},"content":{"rendered":"<div data-elementor-type=\"wp-page\" data-elementor-id=\"420\" class=\"elementor elementor-420\" data-elementor-settings=\"{&quot;ha_cmc_init_switcher&quot;:&quot;no&quot;}\">\n\t\t\t\t\t\t<section class=\"elementor-section elementor-top-section elementor-element elementor-element-4f8e7fa elementor-section-height-min-height elementor-section-boxed elementor-section-height-default elementor-section-items-middle\" data-id=\"4f8e7fa\" data-element_type=\"section\" data-settings=\"{&quot;jet_parallax_layout_list&quot;:[],&quot;background_background&quot;:&quot;classic&quot;,&quot;_ha_eqh_enable&quot;:false}\">\n\t\t\t\t\t\t\t<div class=\"elementor-background-overlay\"><\/div>\n\t\t\t\t\t\t\t<div class=\"elementor-container elementor-column-gap-default\">\n\t\t\t\t\t<div class=\"elementor-column elementor-col-100 elementor-top-column elementor-element elementor-element-5a1acc6\" data-id=\"5a1acc6\" data-element_type=\"column\">\n\t\t\t<div class=\"elementor-widget-wrap elementor-element-populated\">\n\t\t\t\t\t\t<div class=\"elementor-element elementor-element-f53e1b7 elementor-widget elementor-widget-html\" data-id=\"f53e1b7\" data-element_type=\"widget\" data-widget_type=\"html.default\">\n\t\t\t\t<div class=\"elementor-widget-container\">\n\t\t\t\t\t<!-- Event snippet for P\u00e1gina Vista conversion page -->\n<script>\n  gtag('event', 'conversion', {'send_to': 'AW-10845353605\/KPaxCMP5xJQDEIXtu7Mo'});\n<\/script>\t\t\t\t<\/div>\n\t\t\t\t<\/div>\n\t\t\t\t<div class=\"elementor-element elementor-element-cb5dfe9 elementor-widget elementor-widget-heading\" data-id=\"cb5dfe9\" data-element_type=\"widget\" data-widget_type=\"heading.default\">\n\t\t\t\t<div class=\"elementor-widget-container\">\n\t\t\t\t\t<h2 class=\"elementor-heading-title elementor-size-default\">Gracias por confiar en nosotros<\/h2>\t\t\t\t<\/div>\n\t\t\t\t<\/div>\n\t\t\t\t<div class=\"elementor-element elementor-element-c3c1119 elementor-widget elementor-widget-jet-animated-text\" data-id=\"c3c1119\" data-element_type=\"widget\" data-widget_type=\"jet-animated-text.default\">\n\t\t\t\t<div class=\"elementor-widget-container\">\n\t\t\t\t\t<div class=\"elementor-jet-animated-text jet-elements\">\n<div class=\"jet-animated-text jet-animated-text--effect-fx1\" data-settings='{&quot;effect&quot;:&quot;fx1&quot;,&quot;delay&quot;:3000}'>\n\t\t<div class=\"jet-animated-text__animated-text\">\n<div class=\"jet-animated-text__animated-text-item active visible\" dir=\"ltr\">\n\t<span>E<\/span><span>n<\/span><span>v<\/span><span>i<\/span><span>a<\/span><span>n<\/span><span>d<\/span><span>o<\/span><\/div>\n<div class=\"jet-animated-text__animated-text-item\" dir=\"ltr\">\n\t<span>E<\/span><span>n<\/span><span>v<\/span><span>i<\/span><span>a<\/span><span>n<\/span><span>d<\/span><span>o<\/span><\/div>\n<div class=\"jet-animated-text__animated-text-item\" dir=\"ltr\">\n\t<span>E<\/span><span>n<\/span><span>v<\/span><span>i<\/span><span>a<\/span><span>n<\/span><span>d<\/span><span>o<\/span><\/div>\n<div class=\"jet-animated-text__animated-text-item\" dir=\"ltr\">\n\t<span>L<\/span><span>i<\/span><span>s<\/span><span>t<\/span><span>o<\/span><\/div>\n<div class=\"jet-animated-text__animated-text-item\" dir=\"ltr\">\n\t<span>M<\/span><span>e<\/span><span>n<\/span><span>s<\/span><span>a<\/span><span>j<\/span><span>e<\/span><span>&nbsp;<\/span><span>e<\/span><span>n<\/span><span>v<\/span><span>i<\/span><span>a<\/span><span>d<\/span><span>o<\/span><\/div>\n<div class=\"jet-animated-text__animated-text-item\" dir=\"ltr\">\n\t<span>Y<\/span><span>a<\/span><span>&nbsp;<\/span><span>p<\/span><span>u<\/span><span>e<\/span><span>d<\/span><span>e<\/span><span>&nbsp;<\/span><span>c<\/span><span>e<\/span><span>r<\/span><span>r<\/span><span>a<\/span><span>r<\/span><span>&nbsp;<\/span><span>l<\/span><span>a<\/span><span>&nbsp;<\/span><span>p<\/span><span>\u00e1<\/span><span>g<\/span><span>i<\/span><span>n<\/span><span>a<\/span><\/div>\n<div class=\"jet-animated-text__animated-text-item\" dir=\"ltr\">\n\t<span>Y<\/span><span>a<\/span><span>&nbsp;<\/span><span>p<\/span><span>u<\/span><span>e<\/span><span>d<\/span><span>e<\/span><span>&nbsp;<\/span><span>c<\/span><span>e<\/span><span>r<\/span><span>r<\/span><span>a<\/span><span>r<\/span><span>&nbsp;<\/span><span>l<\/span><span>a<\/span><span>&nbsp;<\/span><span>p<\/span><span>\u00e1<\/span><span>g<\/span><span>i<\/span><span>n<\/span><span>a<\/span><\/div>\n<div class=\"jet-animated-text__animated-text-item\" dir=\"ltr\">\n\t<span>Y<\/span><span>a<\/span><span>&nbsp;<\/span><span>p<\/span><span>u<\/span><span>e<\/span><span>d<\/span><span>e<\/span><span>&nbsp;<\/span><span>c<\/span><span>e<\/span><span>r<\/span><span>r<\/span><span>a<\/span><span>r<\/span><span>&nbsp;<\/span><span>l<\/span><span>a<\/span><span>&nbsp;<\/span><span>p<\/span><span>\u00e1<\/span><span>g<\/span><span>i<\/span><span>n<\/span><span>a<\/span><\/div>\n<div class=\"jet-animated-text__animated-text-item\" dir=\"ltr\">\n\t<span>Y<\/span><span>a<\/span><span>&nbsp;<\/span><span>p<\/span><span>u<\/span><span>e<\/span><span>d<\/span><span>e<\/span><span>&nbsp;<\/span><span>c<\/span><span>e<\/span><span>r<\/span><span>r<\/span><span>a<\/span><span>r<\/span><span>&nbsp;<\/span><span>l<\/span><span>a<\/span><span>&nbsp;<\/span><span>p<\/span><span>\u00e1<\/span><span>g<\/span><span>i<\/span><span>n<\/span><span>a<\/span><\/div>\n<div class=\"jet-animated-text__animated-text-item\" dir=\"ltr\">\n\t<span>Y<\/span><span>a<\/span><span>&nbsp;<\/span><span>p<\/span><span>u<\/span><span>e<\/span><span>d<\/span><span>e<\/span><span>&nbsp;<\/span><span>c<\/span><span>e<\/span><span>r<\/span><span>r<\/span><span>a<\/span><span>r<\/span><span>&nbsp;<\/span><span>l<\/span><span>a<\/span><span>&nbsp;<\/span><span>p<\/span><span>\u00e1<\/span><span>g<\/span><span>i<\/span><span>n<\/span><span>a<\/span><\/div>\n<div class=\"jet-animated-text__animated-text-item\" dir=\"ltr\">\n\t<span>Y<\/span><span>a<\/span><span>&nbsp;<\/span><span>p<\/span><span>u<\/span><span>e<\/span><span>d<\/span><span>e<\/span><span>&nbsp;<\/span><span>c<\/span><span>e<\/span><span>r<\/span><span>r<\/span><span>a<\/span><span>r<\/span><span>&nbsp;<\/span><span>l<\/span><span>a<\/span><span>&nbsp;<\/span><span>p<\/span><span>\u00e1<\/span><span>g<\/span><span>i<\/span><span>n<\/span><span>a<\/span><\/div>\n<div class=\"jet-animated-text__animated-text-item\" dir=\"ltr\">\n\t<span>Y<\/span><span>a<\/span><span>&nbsp;<\/span><span>p<\/span><span>u<\/span><span>e<\/span><span>d<\/span><span>e<\/span><span>&nbsp;<\/span><span>c<\/span><span>e<\/span><span>r<\/span><span>r<\/span><span>a<\/span><span>r<\/span><span>&nbsp;<\/span><span>l<\/span><span>a<\/span><span>&nbsp;<\/span><span>p<\/span><span>\u00e1<\/span><span>g<\/span><span>i<\/span><span>n<\/span><span>a<\/span><\/div>\n<div class=\"jet-animated-text__animated-text-item\" dir=\"ltr\">\n\t<span>Y<\/span><span>a<\/span><span>&nbsp;<\/span><span>p<\/span><span>u<\/span><span>e<\/span><span>d<\/span><span>e<\/span><span>&nbsp;<\/span><span>c<\/span><span>e<\/span><span>r<\/span><span>r<\/span><span>a<\/span><span>r<\/span><span>&nbsp;<\/span><span>l<\/span><span>a<\/span><span>&nbsp;<\/span><span>p<\/span><span>\u00e1<\/span><span>g<\/span><span>i<\/span><span>n<\/span><span>a<\/span><\/div>\n<div class=\"jet-animated-text__animated-text-item\" dir=\"ltr\">\n\t<span>Y<\/span><span>a<\/span><span>&nbsp;<\/span><span>p<\/span><span>u<\/span><span>e<\/span><span>d<\/span><span>e<\/span><span>&nbsp;<\/span><span>c<\/span><span>e<\/span><span>r<\/span><span>r<\/span><span>a<\/span><span>r<\/span><span>&nbsp;<\/span><span>l<\/span><span>a<\/span><span>&nbsp;<\/span><span>p<\/span><span>\u00e1<\/span><span>g<\/span><span>i<\/span><span>n<\/span><span>a<\/span><\/div>\n<\/div>\t<\/div><\/div>\t\t\t\t<\/div>\n\t\t\t\t<\/div>\n\t\t\t\t<div class=\"elementor-element elementor-element-c3e3721 elementor-widget elementor-widget-heading\" data-id=\"c3e3721\" data-element_type=\"widget\" data-widget_type=\"heading.default\">\n\t\t\t\t<div class=\"elementor-widget-container\">\n\t\t\t\t\t<h2 class=\"elementor-heading-title elementor-size-default\">Nos pondremos en contacto con usted lo antes posible<\/h2>\t\t\t\t<\/div>\n\t\t\t\t<\/div>\n\t\t\t\t\t<\/div>\n\t\t<\/div>\n\t\t\t\t\t<\/div>\n\t\t<\/section>\n\t\t\t\t<\/div>","protected":false},"excerpt":{"rendered":"<p>Gracias por confiar en nosotros Enviando Enviando Enviando Listo Mensaje&nbsp;enviado Ya&nbsp;puede&nbsp;cerrar&nbsp;la&nbsp;p\u00e1gina Ya&nbsp;puede&nbsp;cerrar&nbsp;la&nbsp;p\u00e1gina Ya&nbsp;puede&nbsp;cerrar&nbsp;la&nbsp;p\u00e1gina Ya&nbsp;puede&nbsp;cerrar&nbsp;la&nbsp;p\u00e1gina Ya&nbsp;puede&nbsp;cerrar&nbsp;la&nbsp;p\u00e1gina Ya&nbsp;puede&nbsp;cerrar&nbsp;la&nbsp;p\u00e1gina Ya&nbsp;puede&nbsp;cerrar&nbsp;la&nbsp;p\u00e1gina Ya&nbsp;puede&nbsp;cerrar&nbsp;la&nbsp;p\u00e1gina Ya&nbsp;puede&nbsp;cerrar&nbsp;la&nbsp;p\u00e1gina Nos pondremos en contacto con usted lo antes posible<\/p>","protected":false},"author":1,"featured_media":0,"parent":0,"menu_order":0,"comment_status":"closed","ping_status":"closed","template":"elementor_header_footer","meta":{"_joinchat":[],"footnotes":""},"class_list":["post-420","page","type-page","status-publish","hentry"],"yoast_head":"<!-- This site is optimized with the Yoast SEO plugin v25.4 - https:\/\/yoast.com\/wordpress\/plugins\/seo\/ -->\n<title>Agradecimiento | Colegio H\u00e9ctor Urdaneta PR<\/title>\n<meta name=\"description\" content=\"En el Centro Educativo Biling\u00fce H\u00e9ctor Urdaneta encontrar\u00e1s la mejor educaci\u00f3n desde pre-kinder hasta cuarto a\u00f1o.\" \/>\n<meta name=\"robots\" content=\"index, follow, max-snippet:-1, max-image-preview:large, max-video-preview:-1\" \/>\n<link rel=\"canonical\" href=\"https:\/\/wheat-dotterel-326471.hostingersite.com\/agradecimiento\/\" \/>\n<meta property=\"og:locale\" content=\"en_US\" \/>\n<meta property=\"og:type\" content=\"article\" \/>\n<meta property=\"og:title\" content=\"Agradecimiento | Colegio H\u00e9ctor Urdaneta PR\" \/>\n<meta property=\"og:description\" content=\"En el Centro Educativo Biling\u00fce H\u00e9ctor Urdaneta encontrar\u00e1s la mejor educaci\u00f3n desde pre-kinder hasta cuarto a\u00f1o.\" \/>\n<meta property=\"og:url\" content=\"https:\/\/wheat-dotterel-326471.hostingersite.com\/agradecimiento\/\" \/>\n<meta property=\"og:site_name\" content=\"Colegio H\u00e9ctor Urdaneta\" \/>\n<meta property=\"article:publisher\" content=\"https:\/\/www.facebook.com\/colurdaneta\/\" \/>\n<meta property=\"article:modified_time\" content=\"2023-02-13T14:49:50+00:00\" \/>\n<meta property=\"og:image\" content=\"https:\/\/urdanetapr.com\/wp-content\/uploads\/2023\/02\/logo.png\" \/>\n\t<meta property=\"og:image:width\" content=\"1875\" \/>\n\t<meta property=\"og:image:height\" content=\"403\" \/>\n\t<meta property=\"og:image:type\" content=\"image\/png\" \/>\n<meta name=\"twitter:card\" content=\"summary_large_image\" \/>\n<meta name=\"twitter:label1\" content=\"Est. reading time\" \/>\n\t<meta name=\"twitter:data1\" content=\"2 minutes\" \/>\n<script type=\"application\/ld+json\" class=\"yoast-schema-graph\">{\"@context\":\"https:\/\/schema.org\",\"@graph\":[{\"@type\":\"WebPage\",\"@id\":\"https:\/\/wheat-dotterel-326471.hostingersite.com\/agradecimiento\/\",\"url\":\"https:\/\/wheat-dotterel-326471.hostingersite.com\/agradecimiento\/\",\"name\":\"Agradecimiento | Colegio H\u00e9ctor Urdaneta PR\",\"isPartOf\":{\"@id\":\"https:\/\/urdanetapr.com\/#website\"},\"datePublished\":\"2023-02-13T14:33:38+00:00\",\"dateModified\":\"2023-02-13T14:49:50+00:00\",\"description\":\"En el Centro Educativo Biling\u00fce H\u00e9ctor Urdaneta encontrar\u00e1s la mejor educaci\u00f3n desde pre-kinder hasta cuarto a\u00f1o.\",\"breadcrumb\":{\"@id\":\"https:\/\/wheat-dotterel-326471.hostingersite.com\/agradecimiento\/#breadcrumb\"},\"inLanguage\":\"en-US\",\"potentialAction\":[{\"@type\":\"ReadAction\",\"target\":[\"https:\/\/wheat-dotterel-326471.hostingersite.com\/agradecimiento\/\"]}]},{\"@type\":\"BreadcrumbList\",\"@id\":\"https:\/\/wheat-dotterel-326471.hostingersite.com\/agradecimiento\/#breadcrumb\",\"itemListElement\":[{\"@type\":\"ListItem\",\"position\":1,\"name\":\"Portada\",\"item\":\"https:\/\/urdanetapr.com\/\"},{\"@type\":\"ListItem\",\"position\":2,\"name\":\"Agradecimiento\"}]},{\"@type\":\"WebSite\",\"@id\":\"https:\/\/urdanetapr.com\/#website\",\"url\":\"https:\/\/urdanetapr.com\/\",\"name\":\"Colegio H\u00e9ctor Urdaneta\",\"description\":\"Centro educativo con buena formaci\u00f3n de excelencia y programa acad\u00e9mico.\",\"publisher\":{\"@id\":\"https:\/\/urdanetapr.com\/#organization\"},\"potentialAction\":[{\"@type\":\"SearchAction\",\"target\":{\"@type\":\"EntryPoint\",\"urlTemplate\":\"https:\/\/urdanetapr.com\/?s={search_term_string}\"},\"query-input\":{\"@type\":\"PropertyValueSpecification\",\"valueRequired\":true,\"valueName\":\"search_term_string\"}}],\"inLanguage\":\"en-US\"},{\"@type\":\"Organization\",\"@id\":\"https:\/\/urdanetapr.com\/#organization\",\"name\":\"Colegio H\u00e9ctor Urdaneta\",\"url\":\"https:\/\/urdanetapr.com\/\",\"logo\":{\"@type\":\"ImageObject\",\"inLanguage\":\"en-US\",\"@id\":\"https:\/\/urdanetapr.com\/#\/schema\/logo\/image\/\",\"url\":\"https:\/\/urdanetapr.com\/wp-content\/uploads\/2023\/02\/logo.png\",\"contentUrl\":\"https:\/\/urdanetapr.com\/wp-content\/uploads\/2023\/02\/logo.png\",\"width\":1875,\"height\":403,\"caption\":\"Colegio H\u00e9ctor Urdaneta\"},\"image\":{\"@id\":\"https:\/\/urdanetapr.com\/#\/schema\/logo\/image\/\"},\"sameAs\":[\"https:\/\/www.facebook.com\/colurdaneta\/\"]}]}<\/script>\n<!-- \/ Yoast SEO plugin. -->","yoast_head_json":{"title":"Agradecimiento | Colegio H\u00e9ctor Urdaneta PR","description":"En el Centro Educativo Biling\u00fce H\u00e9ctor Urdaneta encontrar\u00e1s la mejor educaci\u00f3n desde pre-kinder hasta cuarto a\u00f1o.","robots":{"index":"index","follow":"follow","max-snippet":"max-snippet:-1","max-image-preview":"max-image-preview:large","max-video-preview":"max-video-preview:-1"},"canonical":"https:\/\/wheat-dotterel-326471.hostingersite.com\/agradecimiento\/","og_locale":"en_US","og_type":"article","og_title":"Agradecimiento | Colegio H\u00e9ctor Urdaneta PR","og_description":"En el Centro Educativo Biling\u00fce H\u00e9ctor Urdaneta encontrar\u00e1s la mejor educaci\u00f3n desde pre-kinder hasta cuarto a\u00f1o.","og_url":"https:\/\/wheat-dotterel-326471.hostingersite.com\/agradecimiento\/","og_site_name":"Colegio H\u00e9ctor Urdaneta","article_publisher":"https:\/\/www.facebook.com\/colurdaneta\/","article_modified_time":"2023-02-13T14:49:50+00:00","og_image":[{"width":1875,"height":403,"url":"https:\/\/urdanetapr.com\/wp-content\/uploads\/2023\/02\/logo.png","type":"image\/png"}],"twitter_card":"summary_large_image","twitter_misc":{"Est. reading time":"2 minutes"},"schema":{"@context":"https:\/\/schema.org","@graph":[{"@type":"WebPage","@id":"https:\/\/wheat-dotterel-326471.hostingersite.com\/agradecimiento\/","url":"https:\/\/wheat-dotterel-326471.hostingersite.com\/agradecimiento\/","name":"Agradecimiento | Colegio H\u00e9ctor Urdaneta PR","isPartOf":{"@id":"https:\/\/urdanetapr.com\/#website"},"datePublished":"2023-02-13T14:33:38+00:00","dateModified":"2023-02-13T14:49:50+00:00","description":"En el Centro Educativo Biling\u00fce H\u00e9ctor Urdaneta encontrar\u00e1s la mejor educaci\u00f3n desde pre-kinder hasta cuarto a\u00f1o.","breadcrumb":{"@id":"https:\/\/wheat-dotterel-326471.hostingersite.com\/agradecimiento\/#breadcrumb"},"inLanguage":"en-US","potentialAction":[{"@type":"ReadAction","target":["https:\/\/wheat-dotterel-326471.hostingersite.com\/agradecimiento\/"]}]},{"@type":"BreadcrumbList","@id":"https:\/\/wheat-dotterel-326471.hostingersite.com\/agradecimiento\/#breadcrumb","itemListElement":[{"@type":"ListItem","position":1,"name":"Portada","item":"https:\/\/urdanetapr.com\/"},{"@type":"ListItem","position":2,"name":"Agradecimiento"}]},{"@type":"WebSite","@id":"https:\/\/urdanetapr.com\/#website","url":"https:\/\/urdanetapr.com\/","name":"Colegio H\u00e9ctor Urdaneta","description":"Centro educativo con buena formaci\u00f3n de excelencia y programa acad\u00e9mico.","publisher":{"@id":"https:\/\/urdanetapr.com\/#organization"},"potentialAction":[{"@type":"SearchAction","target":{"@type":"EntryPoint","urlTemplate":"https:\/\/urdanetapr.com\/?s={search_term_string}"},"query-input":{"@type":"PropertyValueSpecification","valueRequired":true,"valueName":"search_term_string"}}],"inLanguage":"en-US"},{"@type":"Organization","@id":"https:\/\/urdanetapr.com\/#organization","name":"Colegio H\u00e9ctor Urdaneta","url":"https:\/\/urdanetapr.com\/","logo":{"@type":"ImageObject","inLanguage":"en-US","@id":"https:\/\/urdanetapr.com\/#\/schema\/logo\/image\/","url":"https:\/\/urdanetapr.com\/wp-content\/uploads\/2023\/02\/logo.png","contentUrl":"https:\/\/urdanetapr.com\/wp-content\/uploads\/2023\/02\/logo.png","width":1875,"height":403,"caption":"Colegio H\u00e9ctor Urdaneta"},"image":{"@id":"https:\/\/urdanetapr.com\/#\/schema\/logo\/image\/"},"sameAs":["https:\/\/www.facebook.com\/colurdaneta\/"]}]}},"_links":{"self":[{"href":"https:\/\/urdanetapr.com\/en\/wp-json\/wp\/v2\/pages\/420","targetHints":{"allow":["GET"]}}],"collection":[{"href":"https:\/\/urdanetapr.com\/en\/wp-json\/wp\/v2\/pages"}],"about":[{"href":"https:\/\/urdanetapr.com\/en\/wp-json\/wp\/v2\/types\/page"}],"author":[{"embeddable":true,"href":"https:\/\/urdanetapr.com\/en\/wp-json\/wp\/v2\/users\/1"}],"replies":[{"embeddable":true,"href":"https:\/\/urdanetapr.com\/en\/wp-json\/wp\/v2\/comments?post=420"}],"version-history":[{"count":46,"href":"https:\/\/urdanetapr.com\/en\/wp-json\/wp\/v2\/pages\/420\/revisions"}],"predecessor-version":[{"id":475,"href":"https:\/\/urdanetapr.com\/en\/wp-json\/wp\/v2\/pages\/420\/revisions\/475"}],"wp:attachment":[{"href":"https:\/\/urdanetapr.com\/en\/wp-json\/wp\/v2\/media?parent=420"}],"curies":[{"name":"wp","href":"https:\/\/api.w.org\/{rel}","templated":true}]}}