{"id":484,"date":"2023-04-12T18:37:02","date_gmt":"2023-04-12T18:37:02","guid":{"rendered":"https:\/\/wheat-dotterel-326471.hostingersite.com\/?page_id=484"},"modified":"2023-04-12T18:43:14","modified_gmt":"2023-04-12T18:43:14","slug":"gracias","status":"publish","type":"page","link":"https:\/\/urdanetapr.com\/en\/gracias\/","title":{"rendered":"Gracias"},"content":{"rendered":"<div data-elementor-type=\"wp-page\" data-elementor-id=\"484\" class=\"elementor elementor-484\" data-elementor-settings=\"{&quot;ha_cmc_init_switcher&quot;:&quot;no&quot;}\">\n\t\t\t\t\t\t<section class=\"elementor-section elementor-top-section elementor-element elementor-element-d28763d elementor-section-boxed elementor-section-height-default elementor-section-height-default\" data-id=\"d28763d\" data-element_type=\"section\" data-e-type=\"section\" data-settings=\"{&quot;jet_parallax_layout_list&quot;:[],&quot;_ha_eqh_enable&quot;:false}\">\n\t\t\t\t\t\t<div class=\"elementor-container elementor-column-gap-default\">\n\t\t\t\t\t<div class=\"elementor-column elementor-col-100 elementor-top-column elementor-element elementor-element-cd06ab9\" data-id=\"cd06ab9\" data-element_type=\"column\" data-e-type=\"column\">\n\t\t\t<div class=\"elementor-widget-wrap elementor-element-populated\">\n\t\t\t\t\t\t<div class=\"elementor-element elementor-element-c6334e2 elementor-align-center elementor-widget elementor-widget-jet-lottie\" data-id=\"c6334e2\" data-element_type=\"widget\" data-e-type=\"widget\" data-widget_type=\"jet-lottie.default\">\n\t\t\t\t<div class=\"elementor-widget-container\">\n\t\t\t\t\t<div class=\"elementor-jet-lottie jet-elements\"><div class=\"jet-lottie\" data-settings=\"{&quot;path&quot;:&quot;https:\\\/\\\/assets9.lottiefiles.com\\\/packages\\\/lf20_kgs50qu6.json&quot;,&quot;renderer&quot;:&quot;svg&quot;,&quot;action_start&quot;:&quot;autoplay&quot;,&quot;delay&quot;:&quot;&quot;,&quot;on_hover_out&quot;:null,&quot;redirect_timeout&quot;:null,&quot;viewport&quot;:&quot;&quot;,&quot;loop&quot;:true,&quot;loop_times&quot;:&quot;&quot;,&quot;reversed&quot;:false,&quot;play_speed&quot;:1}\"><div class=\"jet-lottie__elem\"><\/div><\/div><\/div>\t\t\t\t<\/div>\n\t\t\t\t<\/div>\n\t\t\t\t<div class=\"elementor-element elementor-element-0a55562 elementor-invisible elementor-widget elementor-widget-heading\" data-id=\"0a55562\" data-element_type=\"widget\" data-e-type=\"widget\" data-settings=\"{&quot;_animation&quot;:&quot;fadeInUp&quot;,&quot;_animation_delay&quot;:250}\" data-widget_type=\"heading.default\">\n\t\t\t\t<div class=\"elementor-widget-container\">\n\t\t\t\t\t<h2 class=\"elementor-heading-title elementor-size-default\"><a href=\"https:\/\/urdanetapr.com\/en\/\">\u00a1Gracias por contactarnos!<\/a><\/h2>\t\t\t\t<\/div>\n\t\t\t\t<\/div>\n\t\t\t\t\t<\/div>\n\t\t<\/div>\n\t\t\t\t\t<\/div>\n\t\t<\/section>\n\t\t\t\t<\/div>","protected":false},"excerpt":{"rendered":"<p>\u00a1Gracias por contactarnos!<\/p>","protected":false},"author":1,"featured_media":188,"parent":0,"menu_order":0,"comment_status":"closed","ping_status":"closed","template":"elementor_header_footer","meta":{"_joinchat":[],"footnotes":""},"class_list":["post-484","page","type-page","status-publish","has-post-thumbnail","hentry"],"yoast_head":"<!-- This site is optimized with the Yoast SEO plugin v27.4 - https:\/\/yoast.com\/product\/yoast-seo-wordpress\/ -->\n<title>Centro Educativo | Colegio H\u00e9ctor Urdaneta | PR<\/title>\n<meta name=\"description\" content=\"En el Centro Educativo Biling\u00fce H\u00e9ctor Urdaneta encontrar\u00e1s la mejor educaci\u00f3n desde pre-kinder hasta cuarto a\u00f1o.\" \/>\n<meta name=\"robots\" content=\"index, follow, max-snippet:-1, max-image-preview:large, max-video-preview:-1\" \/>\n<link rel=\"canonical\" href=\"https:\/\/urdanetapr.com\/en\/gracias\/\" \/>\n<meta property=\"og:locale\" content=\"en_US\" \/>\n<meta property=\"og:type\" content=\"article\" \/>\n<meta property=\"og:title\" content=\"Centro Educativo | Colegio H\u00e9ctor Urdaneta | PR\" \/>\n<meta property=\"og:description\" content=\"En el Centro Educativo Biling\u00fce H\u00e9ctor Urdaneta encontrar\u00e1s la mejor educaci\u00f3n desde pre-kinder hasta cuarto a\u00f1o.\" \/>\n<meta property=\"og:url\" content=\"https:\/\/urdanetapr.com\/en\/gracias\/\" \/>\n<meta property=\"og:site_name\" content=\"Colegio H\u00e9ctor Urdaneta\" \/>\n<meta property=\"article:publisher\" content=\"https:\/\/www.facebook.com\/colurdaneta\/\" \/>\n<meta property=\"article:modified_time\" content=\"2023-04-12T18:43:14+00:00\" \/>\n<meta property=\"og:image\" content=\"https:\/\/urdanetapr.com\/wp-content\/uploads\/2023\/02\/banner-3.jpg\" \/>\n\t<meta property=\"og:image:width\" content=\"1900\" \/>\n\t<meta property=\"og:image:height\" content=\"752\" \/>\n\t<meta property=\"og:image:type\" content=\"image\/jpeg\" \/>\n<meta name=\"twitter:card\" content=\"summary_large_image\" \/>\n<meta name=\"twitter:title\" content=\"Centro Educativo | Colegio H\u00e9ctor Urdaneta | PR\" \/>\n<meta name=\"twitter:description\" content=\"En el Centro Educativo Biling\u00fce H\u00e9ctor Urdaneta encontrar\u00e1s la mejor educaci\u00f3n desde pre-kinder hasta cuarto a\u00f1o.\" \/>\n<meta name=\"twitter:image\" content=\"https:\/\/urdanetapr.com\/wp-content\/uploads\/2023\/02\/banner-3.jpg\" \/>\n<meta name=\"twitter:label1\" content=\"Est. reading time\" \/>\n\t<meta name=\"twitter:data1\" content=\"1 minute\" \/>\n<script type=\"application\/ld+json\" class=\"yoast-schema-graph\">{\"@context\":\"https:\\\/\\\/schema.org\",\"@graph\":[{\"@type\":\"WebPage\",\"@id\":\"https:\\\/\\\/urdanetapr.com\\\/gracias\\\/\",\"url\":\"https:\\\/\\\/urdanetapr.com\\\/gracias\\\/\",\"name\":\"Centro Educativo | Colegio H\u00e9ctor Urdaneta | PR\",\"isPartOf\":{\"@id\":\"https:\\\/\\\/urdanetapr.com\\\/#website\"},\"primaryImageOfPage\":{\"@id\":\"https:\\\/\\\/urdanetapr.com\\\/gracias\\\/#primaryimage\"},\"image\":{\"@id\":\"https:\\\/\\\/urdanetapr.com\\\/gracias\\\/#primaryimage\"},\"thumbnailUrl\":\"https:\\\/\\\/urdanetapr.com\\\/wp-content\\\/uploads\\\/2023\\\/02\\\/ImgEscuela3.jpg\",\"datePublished\":\"2023-04-12T18:37:02+00:00\",\"dateModified\":\"2023-04-12T18:43:14+00:00\",\"description\":\"En el Centro Educativo Biling\u00fce H\u00e9ctor Urdaneta encontrar\u00e1s la mejor educaci\u00f3n desde pre-kinder hasta cuarto a\u00f1o.\",\"breadcrumb\":{\"@id\":\"https:\\\/\\\/urdanetapr.com\\\/gracias\\\/#breadcrumb\"},\"inLanguage\":\"en-US\",\"potentialAction\":[{\"@type\":\"ReadAction\",\"target\":[\"https:\\\/\\\/urdanetapr.com\\\/gracias\\\/\"]}]},{\"@type\":\"ImageObject\",\"inLanguage\":\"en-US\",\"@id\":\"https:\\\/\\\/urdanetapr.com\\\/gracias\\\/#primaryimage\",\"url\":\"https:\\\/\\\/urdanetapr.com\\\/wp-content\\\/uploads\\\/2023\\\/02\\\/ImgEscuela3.jpg\",\"contentUrl\":\"https:\\\/\\\/urdanetapr.com\\\/wp-content\\\/uploads\\\/2023\\\/02\\\/ImgEscuela3.jpg\",\"width\":972,\"height\":972,\"caption\":\"Centro Educativo (Zonda Verde)\"},{\"@type\":\"BreadcrumbList\",\"@id\":\"https:\\\/\\\/urdanetapr.com\\\/gracias\\\/#breadcrumb\",\"itemListElement\":[{\"@type\":\"ListItem\",\"position\":1,\"name\":\"Portada\",\"item\":\"https:\\\/\\\/urdanetapr.com\\\/\"},{\"@type\":\"ListItem\",\"position\":2,\"name\":\"Gracias\"}]},{\"@type\":\"WebSite\",\"@id\":\"https:\\\/\\\/urdanetapr.com\\\/#website\",\"url\":\"https:\\\/\\\/urdanetapr.com\\\/\",\"name\":\"Colegio H\u00e9ctor Urdaneta\",\"description\":\"Centro educativo con buena formaci\u00f3n de excelencia y programa acad\u00e9mico.\",\"publisher\":{\"@id\":\"https:\\\/\\\/urdanetapr.com\\\/#organization\"},\"potentialAction\":[{\"@type\":\"SearchAction\",\"target\":{\"@type\":\"EntryPoint\",\"urlTemplate\":\"https:\\\/\\\/urdanetapr.com\\\/?s={search_term_string}\"},\"query-input\":{\"@type\":\"PropertyValueSpecification\",\"valueRequired\":true,\"valueName\":\"search_term_string\"}}],\"inLanguage\":\"en-US\"},{\"@type\":\"Organization\",\"@id\":\"https:\\\/\\\/urdanetapr.com\\\/#organization\",\"name\":\"Colegio H\u00e9ctor Urdaneta\",\"url\":\"https:\\\/\\\/urdanetapr.com\\\/\",\"logo\":{\"@type\":\"ImageObject\",\"inLanguage\":\"en-US\",\"@id\":\"https:\\\/\\\/urdanetapr.com\\\/#\\\/schema\\\/logo\\\/image\\\/\",\"url\":\"https:\\\/\\\/urdanetapr.com\\\/wp-content\\\/uploads\\\/2023\\\/02\\\/logo.png\",\"contentUrl\":\"https:\\\/\\\/urdanetapr.com\\\/wp-content\\\/uploads\\\/2023\\\/02\\\/logo.png\",\"width\":1875,\"height\":403,\"caption\":\"Colegio H\u00e9ctor Urdaneta\"},\"image\":{\"@id\":\"https:\\\/\\\/urdanetapr.com\\\/#\\\/schema\\\/logo\\\/image\\\/\"},\"sameAs\":[\"https:\\\/\\\/www.facebook.com\\\/colurdaneta\\\/\"]}]}<\/script>\n<!-- \/ Yoast SEO plugin. -->","yoast_head_json":{"title":"Centro Educativo | Colegio H\u00e9ctor Urdaneta | PR","description":"En el Centro Educativo Biling\u00fce H\u00e9ctor Urdaneta encontrar\u00e1s la mejor educaci\u00f3n desde pre-kinder hasta cuarto a\u00f1o.","robots":{"index":"index","follow":"follow","max-snippet":"max-snippet:-1","max-image-preview":"max-image-preview:large","max-video-preview":"max-video-preview:-1"},"canonical":"https:\/\/urdanetapr.com\/en\/gracias\/","og_locale":"en_US","og_type":"article","og_title":"Centro Educativo | Colegio H\u00e9ctor Urdaneta | PR","og_description":"En el Centro Educativo Biling\u00fce H\u00e9ctor Urdaneta encontrar\u00e1s la mejor educaci\u00f3n desde pre-kinder hasta cuarto a\u00f1o.","og_url":"https:\/\/urdanetapr.com\/en\/gracias\/","og_site_name":"Colegio H\u00e9ctor Urdaneta","article_publisher":"https:\/\/www.facebook.com\/colurdaneta\/","article_modified_time":"2023-04-12T18:43:14+00:00","og_image":[{"width":1900,"height":752,"url":"https:\/\/urdanetapr.com\/wp-content\/uploads\/2023\/02\/banner-3.jpg","type":"image\/jpeg"}],"twitter_card":"summary_large_image","twitter_title":"Centro Educativo | Colegio H\u00e9ctor Urdaneta | PR","twitter_description":"En el Centro Educativo Biling\u00fce H\u00e9ctor Urdaneta encontrar\u00e1s la mejor educaci\u00f3n desde pre-kinder hasta cuarto a\u00f1o.","twitter_image":"https:\/\/urdanetapr.com\/wp-content\/uploads\/2023\/02\/banner-3.jpg","twitter_misc":{"Est. reading time":"1 minute"},"schema":{"@context":"https:\/\/schema.org","@graph":[{"@type":"WebPage","@id":"https:\/\/urdanetapr.com\/gracias\/","url":"https:\/\/urdanetapr.com\/gracias\/","name":"Centro Educativo | Colegio H\u00e9ctor Urdaneta | PR","isPartOf":{"@id":"https:\/\/urdanetapr.com\/#website"},"primaryImageOfPage":{"@id":"https:\/\/urdanetapr.com\/gracias\/#primaryimage"},"image":{"@id":"https:\/\/urdanetapr.com\/gracias\/#primaryimage"},"thumbnailUrl":"https:\/\/urdanetapr.com\/wp-content\/uploads\/2023\/02\/ImgEscuela3.jpg","datePublished":"2023-04-12T18:37:02+00:00","dateModified":"2023-04-12T18:43:14+00:00","description":"En el Centro Educativo Biling\u00fce H\u00e9ctor Urdaneta encontrar\u00e1s la mejor educaci\u00f3n desde pre-kinder hasta cuarto a\u00f1o.","breadcrumb":{"@id":"https:\/\/urdanetapr.com\/gracias\/#breadcrumb"},"inLanguage":"en-US","potentialAction":[{"@type":"ReadAction","target":["https:\/\/urdanetapr.com\/gracias\/"]}]},{"@type":"ImageObject","inLanguage":"en-US","@id":"https:\/\/urdanetapr.com\/gracias\/#primaryimage","url":"https:\/\/urdanetapr.com\/wp-content\/uploads\/2023\/02\/ImgEscuela3.jpg","contentUrl":"https:\/\/urdanetapr.com\/wp-content\/uploads\/2023\/02\/ImgEscuela3.jpg","width":972,"height":972,"caption":"Centro Educativo (Zonda Verde)"},{"@type":"BreadcrumbList","@id":"https:\/\/urdanetapr.com\/gracias\/#breadcrumb","itemListElement":[{"@type":"ListItem","position":1,"name":"Portada","item":"https:\/\/urdanetapr.com\/"},{"@type":"ListItem","position":2,"name":"Gracias"}]},{"@type":"WebSite","@id":"https:\/\/urdanetapr.com\/#website","url":"https:\/\/urdanetapr.com\/","name":"Colegio H\u00e9ctor Urdaneta","description":"Centro educativo con buena formaci\u00f3n de excelencia y programa acad\u00e9mico.","publisher":{"@id":"https:\/\/urdanetapr.com\/#organization"},"potentialAction":[{"@type":"SearchAction","target":{"@type":"EntryPoint","urlTemplate":"https:\/\/urdanetapr.com\/?s={search_term_string}"},"query-input":{"@type":"PropertyValueSpecification","valueRequired":true,"valueName":"search_term_string"}}],"inLanguage":"en-US"},{"@type":"Organization","@id":"https:\/\/urdanetapr.com\/#organization","name":"Colegio H\u00e9ctor Urdaneta","url":"https:\/\/urdanetapr.com\/","logo":{"@type":"ImageObject","inLanguage":"en-US","@id":"https:\/\/urdanetapr.com\/#\/schema\/logo\/image\/","url":"https:\/\/urdanetapr.com\/wp-content\/uploads\/2023\/02\/logo.png","contentUrl":"https:\/\/urdanetapr.com\/wp-content\/uploads\/2023\/02\/logo.png","width":1875,"height":403,"caption":"Colegio H\u00e9ctor Urdaneta"},"image":{"@id":"https:\/\/urdanetapr.com\/#\/schema\/logo\/image\/"},"sameAs":["https:\/\/www.facebook.com\/colurdaneta\/"]}]}},"_links":{"self":[{"href":"https:\/\/urdanetapr.com\/en\/wp-json\/wp\/v2\/pages\/484","targetHints":{"allow":["GET"]}}],"collection":[{"href":"https:\/\/urdanetapr.com\/en\/wp-json\/wp\/v2\/pages"}],"about":[{"href":"https:\/\/urdanetapr.com\/en\/wp-json\/wp\/v2\/types\/page"}],"author":[{"embeddable":true,"href":"https:\/\/urdanetapr.com\/en\/wp-json\/wp\/v2\/users\/1"}],"replies":[{"embeddable":true,"href":"https:\/\/urdanetapr.com\/en\/wp-json\/wp\/v2\/comments?post=484"}],"version-history":[{"count":7,"href":"https:\/\/urdanetapr.com\/en\/wp-json\/wp\/v2\/pages\/484\/revisions"}],"predecessor-version":[{"id":492,"href":"https:\/\/urdanetapr.com\/en\/wp-json\/wp\/v2\/pages\/484\/revisions\/492"}],"wp:featuredmedia":[{"embeddable":true,"href":"https:\/\/urdanetapr.com\/en\/wp-json\/wp\/v2\/media\/188"}],"wp:attachment":[{"href":"https:\/\/urdanetapr.com\/en\/wp-json\/wp\/v2\/media?parent=484"}],"curies":[{"name":"wp","href":"https:\/\/api.w.org\/{rel}","templated":true}]}}